{"id":2610,"date":"2018-06-29T10:48:16","date_gmt":"2018-06-29T10:48:16","guid":{"rendered":"http:\/\/www.hicroatia.com\/?page_id=2610"},"modified":"2024-08-23T13:37:49","modified_gmt":"2024-08-23T13:37:49","slug":"o-nama","status":"publish","type":"page","link":"https:\/\/www.hicroatia.com\/en\/about-us\/","title":{"rendered":"About us"},"content":{"rendered":"<div style=\"margin-top: 0px; margin-bottom: 0px;\" class=\"sharethis-inline-share-buttons\" ><\/div><p>[vc_row css=&#8221;.vc_custom_1536676385929{padding-top: 32px !important;}&#8221;][vc_column]<div class=\"qodef-section-title-holder  qodef-st-standard qodef-st-title-left qodef-st-normal-space  qodef-st-with-border\" style=\"text-align: left\">\n\t<div class=\"qodef-st-inner\">\n\t\t\t\t\t<h2 class=\"qodef-st-title\" >\n\t\t\t\t\t\t\t\tCroatian Youth Hostel Association\t\t\t\t\t\t\t<\/h2>\n\t\t\t\t\t\t\t<h5 class=\"qodef-st-text\" >\n\t\t\t\tWorld open for youth\t\t\t<\/h5>\n\t\t\t<\/div>\n<\/div>[\/vc_column][\/vc_row][vc_row css=&#8221;.vc_custom_1536676399370{padding-top: 64px !important;padding-bottom: 64px !important;}&#8221;][vc_column][vc_column_text]<\/p>\n<div class=\"hosteli_naslov_veliki txt_izdvojeno_naslov_veliki\">\n<p><strong>Croatian Youth Hostel Association (CYHA)<\/strong> is a non-profit and non-governmental organization founded back in 1953 in order to promote the hostelling mission in Croatia and encourage young people to explore and appreciate the rich natural and cultural heritage of our country.<\/p>\n<p>Date and year of registration in Association Register: May, 6th,1998.<br \/>\nRegistration number: 00000668.<\/p>\n<p>Headquarters: Savska 5, 10 000 Zagreb, Croatia, EU.<\/p>\n<p>IBAN: HR 292360000 1101485191<br \/>\nOIB: 27442377904<br \/>\nID number of the association: 3206556<\/p>\n<p>We are dedicated to promote friendship and international understanding by supporting the development of quality youth hostels and providing different kinds of memership cards as well as travel services for individual travellers and groups from Croatia and the world.<\/p>\n<p>Our goal it to help advance the education for the public benefit and helping people to experience and contribute the countryside, environment, natural and cultural heritage of Croatia and all other countries in the world.<\/p>\n<p>In today&#8217;s world we like to make an impact and contribute for greater understanding and respect of different regions, countries, people and their cultures.<br \/>\nIn order to achieve our mission we provide low cost and quality accommodation in our youth hostels, provide discounts and assist and help individual travellers and different types of groups in creating their travel and educational itineraries.<\/p>\n<\/div>\n<p>[\/vc_column_text][\/vc_column][\/vc_row][vc_row][vc_column]<div class=\"qodef-section-title-holder  qodef-st-standard qodef-st-title-left qodef-st-normal-space  \" >\n\t<div class=\"qodef-st-inner\">\n\t\t\t\t\t<h3 class=\"qodef-st-title\" >\n\t\t\t\t\t\t\t\tCYHA in international<br \/> and national organisations\t\t\t\t\t\t\t<\/h3>\n\t\t\t\t\t<\/div>\n<\/div>[\/vc_column][\/vc_row][vc_row css=&#8221;.vc_custom_1542205713909{padding-top: 32px !important;padding-bottom: 32px !important;}&#8221;][vc_column][vc_column_text]Membership in international organisations:<\/p>\n<ul>\n<li><a href=\"http:\/\/www.hihostels.com\/\">International Youth Hostel Federation (known as HOSTELLING INTERNATIONAL)<\/a><\/li>\n<li><a href=\"http:\/\/www.eufed.org\/\">European\u00a0Union Federation\u00a0of Youth Hostel Asssotiations<\/a><\/li>\n<li><a href=\"http:\/\/www.euro26.org\/\">European\u00a0Youth Card Association<\/a><\/li>\n<\/ul>\n<p>Membership in national umbrella organisations:<\/p>\n<ul>\n<li><a href=\"http:\/\/www.mmh.hr\/\">Croatian Youth Network<\/a><\/li>\n<li><a href=\"http:\/\/www.uhpa.hr\/\">Association of Croatian Travel Agencies<\/a><\/li>\n<\/ul>\n<p>[\/vc_column_text][\/vc_column][\/vc_row][vc_row css=&#8221;.vc_custom_1542205981022{padding-top: 32px !important;}&#8221;][vc_column]<div class=\"qodef-section-title-holder  qodef-st-standard qodef-st-title-left qodef-st-normal-space  \" >\n\t<div class=\"qodef-st-inner\">\n\t\t\t\t\t<h3 class=\"qodef-st-title\" >\n\t\t\t\t\t\t\t\tGovernance and structure\t\t\t\t\t\t\t<\/h3>\n\t\t\t\t\t<\/div>\n<\/div>[\/vc_column][\/vc_row][vc_row css=&#8221;.vc_custom_1542207289300{padding-top: 32px !important;padding-bottom: 64px !important;}&#8221;][vc_column][vc_column_text]Croatian Youth Hostel Association is a non-governmental and non-profit organisation established in 1953.<br \/>\nCYHA is a registered non-governmental organisation \u2013 register number 00000668.<\/p>\n<h4>CYHA General Assembly<\/h4>\n<p>The highest body of governance in CYHA is the General Assembly.<br \/>\nGA consist of representatives from:<\/p>\n<p>a)\u00a0youth hostels<br \/>\nb)\u00a0individual members elected through regional\u00a0centers<br \/>\nc)\u00a0experts and member veterans<\/p>\n<p>Representatives\u00a0of the\u00a0General Assembly are elected for a 4 years mandate.<\/p>\n<p>The General Assembly elects the President, Vice-President(s) and Board Members. The elected President is also the President of the Board.<\/p>\n<p>The General Assembly also elects three (3) Supervisory Board members.<\/p>\n<h4>CYHA President<\/h4>\n<p><strong>Kre\u0161imir Ivkovi\u0107<\/strong><\/p>\n<h4>CYHA Board<\/h4>\n<p><strong>Dubravka Rado\u0161evi\u0107,<\/strong> Vice-President<br \/>\n<strong>Marijana \u010cutura<\/strong>, Board member<br \/>\n<strong>Tihomir Jelavi\u0107,<\/strong> Board member<br \/>\n<strong>Robert Kristijan Prebani\u0107<\/strong>, Board member<\/p>\n<p><strong>CYHA Board\u00a0appoints the\u00a0Chief Executive Officer (CEO).<br \/>\nMr Dra\u017een Ge\u010devi\u0107,<\/strong> CEO<\/p>\n<h4>CYHA Supervisory Board<\/h4>\n<p><strong>Ivan Le\u0161kovi\u0107<\/strong>, President of the Supervisory Board<br \/>\n<strong>Sabina Storjak Hr\u017ei\u0107<\/strong>, Member of the Supervisory Board<\/p>\n<p>The organizational structure of CYHA consists of the National Head Office, youth hostels run by CYHA, contracted hostels,\u00a0travel and tourist department and regional members and volunteer centers. Each hostel is run by a hostel manager.[\/vc_column_text][\/vc_column][\/vc_row]<\/p>\n","protected":false},"excerpt":{"rendered":"<p>[vc_row css=&#8221;.vc_custom_1536676385929{padding-top: 32px !important;}&#8221;][vc_column][\/vc_column][\/vc_row][vc_row css=&#8221;.vc_custom_1536676399370{padding-top: 64px !important;padding-bottom: 64px !important;}&#8221;][vc_column][vc_column_text] Croatian Youth Hostel Association (CYHA) is a non-profit and non-governmental organization founded back in 1953 in order to promote the hostelling mission in Croatia and encourage young people to explore and appreciate the rich natural and cultural heritage of our country. Date and year of registration in Association Register: May, 6th,1998. [&hellip;]<\/p>\n","protected":false},"author":1,"featured_media":0,"parent":0,"menu_order":0,"comment_status":"closed","ping_status":"closed","template":"","meta":[],"_links":{"self":[{"href":"https:\/\/www.hicroatia.com\/en\/wp-json\/wp\/v2\/pages\/2610"}],"collection":[{"href":"https:\/\/www.hicroatia.com\/en\/wp-json\/wp\/v2\/pages"}],"about":[{"href":"https:\/\/www.hicroatia.com\/en\/wp-json\/wp\/v2\/types\/page"}],"author":[{"embeddable":true,"href":"https:\/\/www.hicroatia.com\/en\/wp-json\/wp\/v2\/users\/1"}],"replies":[{"embeddable":true,"href":"https:\/\/www.hicroatia.com\/en\/wp-json\/wp\/v2\/comments?post=2610"}],"version-history":[{"count":37,"href":"https:\/\/www.hicroatia.com\/en\/wp-json\/wp\/v2\/pages\/2610\/revisions"}],"predecessor-version":[{"id":6607,"href":"https:\/\/www.hicroatia.com\/en\/wp-json\/wp\/v2\/pages\/2610\/revisions\/6607"}],"wp:attachment":[{"href":"https:\/\/www.hicroatia.com\/en\/wp-json\/wp\/v2\/media?parent=2610"}],"curies":[{"name":"wp","href":"https:\/\/api.w.org\/{rel}","templated":true}]}}